{"id":532,"date":"2021-03-24T20:52:48","date_gmt":"2021-03-24T20:52:48","guid":{"rendered":"https:\/\/gadsantabarbara.gob.ec\/?page_id=532"},"modified":"2021-05-20T22:15:25","modified_gmt":"2021-05-20T22:15:25","slug":"resoluciones-de-sesiones","status":"publish","type":"page","link":"https:\/\/gadsantabarbara.gob.ec\/?page_id=532","title":{"rendered":"resoluciones de sesiones"},"content":{"rendered":"\n<p class=\"has-text-align-center\">Son la Toma de decisiones que en el seno del Gobierno Aut\u00f3nomo Descentralizado Parroquial Rural de Santa B\u00e1rbara toma en beneficio de la Instituci\u00f3n, de los Habitantes de la Parroquia de Santa B\u00e1rbara <\/p>\n","protected":false},"excerpt":{"rendered":"<p>Son la Toma de decisiones que en el seno del Gobierno Aut\u00f3nomo Descentralizado Parroquial Rural de Santa B\u00e1rbara toma en beneficio de la Instituci\u00f3n, de los Habitantes de la Parroquia de Santa B\u00e1rbara<\/p>\n","protected":false},"author":1,"featured_media":0,"parent":22,"menu_order":8,"comment_status":"closed","ping_status":"closed","template":"","meta":{"footnotes":""},"class_list":["post-532","page","type-page","status-publish","hentry"],"_links":{"self":[{"href":"https:\/\/gadsantabarbara.gob.ec\/index.php?rest_route=\/wp\/v2\/pages\/532","targetHints":{"allow":["GET"]}}],"collection":[{"href":"https:\/\/gadsantabarbara.gob.ec\/index.php?rest_route=\/wp\/v2\/pages"}],"about":[{"href":"https:\/\/gadsantabarbara.gob.ec\/index.php?rest_route=\/wp\/v2\/types\/page"}],"author":[{"embeddable":true,"href":"https:\/\/gadsantabarbara.gob.ec\/index.php?rest_route=\/wp\/v2\/users\/1"}],"replies":[{"embeddable":true,"href":"https:\/\/gadsantabarbara.gob.ec\/index.php?rest_route=%2Fwp%2Fv2%2Fcomments&post=532"}],"version-history":[{"count":2,"href":"https:\/\/gadsantabarbara.gob.ec\/index.php?rest_route=\/wp\/v2\/pages\/532\/revisions"}],"predecessor-version":[{"id":731,"href":"https:\/\/gadsantabarbara.gob.ec\/index.php?rest_route=\/wp\/v2\/pages\/532\/revisions\/731"}],"up":[{"embeddable":true,"href":"https:\/\/gadsantabarbara.gob.ec\/index.php?rest_route=\/wp\/v2\/pages\/22"}],"wp:attachment":[{"href":"https:\/\/gadsantabarbara.gob.ec\/index.php?rest_route=%2Fwp%2Fv2%2Fmedia&parent=532"}],"curies":[{"name":"wp","href":"https:\/\/api.w.org\/{rel}","templated":true}]}}